{"id":66,"date":"2016-06-14T17:54:34","date_gmt":"2016-06-14T15:54:34","guid":{"rendered":"http:\/\/www.jyotishi.de\/?page_id=66"},"modified":"2025-10-16T10:56:41","modified_gmt":"2025-10-16T08:56:41","slug":"einfuehrung-in-die-vedische-astrologie-teil-2","status":"publish","type":"page","link":"http:\/\/www.jyotishi.de\/neu\/einfuehrung-in-die-vedische-astrologie-teil-2\/","title":{"rendered":"Einf\u00fchrung in die vedische Astrologie Teil 2"},"content":{"rendered":"<table width=\"100%\">\n<tbody>\n<tr>\n<td><a href=\"#_Toc8621037\">1.2 DER TROPISCHE UND DER SIDERISCHE TIERKREIS<\/a><a href=\"#_Toc11820325\">1.2.1 DER TROPISCHE TIERKREIS<\/a>\n<p><a href=\"#_Toc11820326\">1.2.2 DER SIDERISCHE TIERKREIS<\/a><\/p>\n<p><a href=\"#_Toc11820327\">1.2.3 DER UNTERSCHIED ZWISCHEN DER WESTLICHEN UND DER TRADITIONELLEN INDISCHEN GESELLSCHAFT<\/a><\/p>\n<p><a href=\"#_Toc11820328\">1.2.4 DIE NEUN PLANETEN IM JYOTISH<\/a><\/p>\n<p><a href=\"#_Toc11820329\">1.2.5. DIE H\u00c4USER IM JYOTISH<\/a><\/p>\n<p><a href=\"#_Toc11820330\">1.2.6. DIE ZEICHEN <\/a><\/p>\n<h3><a name=\"_Toc8621037\"><\/a><a name=\"_Toc8632988\"><\/a><a name=\"_Toc11820324\"><\/a>1.2 DER TROPISCHE UND DER SIDERISCHE TIERKREIS<\/h3>\n<p>Der offensichtlichste Unterschied zwischen der westlichen und der \u00f6stlichen Astrologie liegt in der Verwendung zwei verschiedener Tierkreise (Zodiak). Vor ca. 1700 Jahren, als die westliche Astrologie ihren Ursprung nahm, wurden die damals g\u00fcltigen Positionen im Tierkreis als Grundlage genommen. Damals stand die Sonne am Fr\u00fchlingsanfang auf 0 \u00b0 Widder. Mittlerweile ergaben sich Verschiebungen, so dass heute die Sonne bei Fr\u00fchjahrsbeginn fast am Ende des Widderzeiches steht.<\/p>\n<h3><a name=\"_Toc8621038\"><\/a><a name=\"_Toc8632989\"><\/a><a name=\"_Toc11820325\"><\/a>1.2.1 DER TROPISCHE TIERKREIS<\/h3>\n<p>Den Zodiak, den die westlichen Astrologen benutzen, nennen wir den tropischen Tierkreis. Der Anfangspunkt dieses Tierkreises basiert nicht auf Positionen des Fixsternhimmels, sondern auf den Positionen der Sonne. Wenn der Winter zu Ende geht und die Tag-Nacht-Gleiche erreicht ist, befindet sich die Sonne an einem bestimmten Punkt am Himmel. Dieser Punkt stellt den Anfangspunkt des tropischen Zodiaks dar. In der westlichen Astrologie wird der Punkt, den die Sonne am Fr\u00fchlingsanfang erreicht, 0\u00b0 Widder genannt. Diesen Punkt bezeichnet man auch als den Fr\u00fchlings\u00e4quinoxialpunkt. Es w\u00fcrde zu weit f\u00fchren, die gesamten astronomischen Zusammenh\u00e4nge zu erl\u00e4utern. Was an dieser Stelle von Bedeutung ist, ist, dass der tropische Tierkreis auf der Stellung der Sonne basiert.<\/p>\n<p>Dies bedeutet, dass entsprechend dem tropischen Tierkreis die Sonne am ersten Fr\u00fchlingstag auf 0\u00b0 Widder steht, am ersten Sommertag auf 0\u00b0 Krebs, am ersten Herbsttag auf 0\u00b0 Waage und am ersten Wintertag auf 0\u00b0 Steinbock. Wir sollten jedoch nicht erwarten, dass die Sonne am Fr\u00fchlingsanfang tats\u00e4chlich in 0\u00b0 Widder zu finden ist, da die astronomische Konstellation 0 Grad Widder nicht mehr mit der in der Astrologie verwendeten Konstellation \u00fcbereinstimmt.<\/p>\n<p>Da die westliche Astrologie auf dem Stand der Sonne basiert, k\u00f6nnen wir die westlichen Astrologie auch als Sonnenastrologie bezeichnen. In der Tat besch\u00e4ftigt sich die westliche Astrologie sehr stark damit, wie die Energie der Sonne durch die einzelnen Planeten des Tierkreises verteilt wird.\u00a0 Analog zu dieser Vorgehensweise werden im Westen das Bewusstsein und das Ego (entsprechen sozusagen der Sonne) sehr hoch bewertet. Wichtige Ziele in der westlichen Astrologie sind somit die psychologische Entwicklung des Menschen,<\/p>\n<p><strong>\u00a0<\/strong><\/p>\n<h3><a name=\"_Toc8621039\"><\/a><a name=\"_Toc8632990\"><\/a><a name=\"_Toc11820326\"><\/a>1.2.2 DER SIDERISCHE TIERKREIS<\/h3>\n<p>Andererseits besch\u00e4ftigt sich die indische Astrologie mit dem Menschen und seiner Beziehung zum Kosmos. Der Zodiak, der in der \u00f6stlichen Tradition verwendet wird, basiert auf der Position der Fixsterne und wird deshalb der Siderische Tierkreis genannt. Auch der siderische Tierkreis hat eine gewisse Ungenauigkeit, da nicht jedes Tierkreiszeichen genau 30\u00b0 entspricht. Trotzdem liegt der siderische Widder wesentlich n\u00e4her am astronomischen Widder, als dies beim tropischen Widder der Fall ist. Der Mittelpunkt des indischen Zodiaks, der vom Widderpunkt 180\u00b0 entfernt liegt, (0\u00b0 Waage) entspricht im siderischen Tierkreis dem Fixstern Spica.<\/p>\n<p><em>Kurz zusammengefasst: Der westliche Zodiak basiert auf dem Sonnenstand, der indische auf dem Fixsternhimmel. Westliche Astrologie ist somit Sonnenastrologie, \u00f6stliche Astrologie ist kosmische Astrologie. Westliche Astrologie analysiert die Art und Weise, wie die Planeten die solare Energie reflektieren und hat ihren Schwerpunkt auf der psychologischen Ebene. Im Gegensatz dazu bezieht die vedische Astrologie die gesamte Beziehungsvielfalt zwischen Mensch und Universum mit ein.<\/em><\/p>\n<p><strong>\u00a0<\/strong><\/p>\n<h3><a name=\"_Toc8621040\"><\/a><a name=\"_Toc8632991\"><\/a><a name=\"_Toc11820327\"><\/a>1.2.3 DER UNTERSCHIED ZWISCHEN DER WESTLICHEN UND DER TRADITIONELLEN INDISCHEN GESELLSCHAFT<\/h3>\n<p>Ein Europ\u00e4er bemerkt schnell, das in der indischen Gesellschaft in ihrer urspr\u00fcnglichen Form wesentlich weniger Egozentriertheit existiert als in der westlichen. So w\u00fcrde beispielsweise bei uns eine vermittelte, von anderen arrangierte Heirat strikt abgelehnt werden. Unserer Meinung nach sollten zwei Menschen dann heiraten, wenn sie sich lieben. Eine Eheschlie\u00dfung ist somit eine Angelegenheit zwischen zwei Menschen.<\/p>\n<p>In Indien ist eine Eheschlie\u00dfung jedoch eine Entscheidung zwischen zwei Familien. Oftmals wird noch ein Astrologe befragt, ob der Kosmos der Heirat zustimmt. Die Gef\u00fchle der Betroffenen werden zwar ber\u00fccksichtigt, geben jedoch nicht den Ausschlag. Das Individuum stellt in der indischen Gesellschaft lediglich einen Teil des Ganzen dar. Im Westen erh\u00e4lt das bewusste Ego (die Sonne) vergleichsweise viel mehr Aufmerksamkeit. Auf der einen Seite mag dies zu einer enormen wirtschaftlichen Leistungsf\u00e4higkeit gef\u00fchrt haben, w\u00e4hrend andererseits ein kosmisches Ungleichgewicht und eine \u00f6kologische Katastrophe resultierten.<\/p>\n<p>Unserer Ansicht nach erf\u00fcllt die westliche Astrologie ein wichtige Aufgabe, vor allem auf dem Gebiet der Analyse pers\u00f6nlicher Probleme und deren psychologischen Hintergr\u00fcnden. Die psychologische Astrologie hat eine Aufgabe zu erf\u00fcllen. Die vedische Herangehensweise kann uns jedoch wichtige Informationen \u00fcber die Beziehung zwischen Mensch und Kosmos bieten.<\/p>\n<p>Au\u00dferdem werden im indischen System nicht nur die 12 Sonnenzeichen ber\u00fccksichtigt, sondern auch die <strong>27 Mondzeichen (Nakshatras),<\/strong> die eine subtilere Energie symbolisieren und eine Feindeutung der Planetenqualit\u00e4ten erm\u00f6glichen. Die Nakshatras bringen \u00fcbrigens die Ebene der Fixsterne in die Deutung hinein, eine Ebene die bei den westlichen Astrologen dieses Jahrhunderts mehr und mehr in Vergessenheit geraten ist.<\/p>\n<p>\u00a0<\/p>\n<p><a href=\"http:\/\/www.jyotishi.de\/neu\/tropische-vs-siderische-astrologie-jyotish\/\"><b>Tropische vs. Siderische Astrologie (Jyotish) \u2013 Der Grundlagenvergleich. <\/b><b>Der wesentliche Unterschied liegt in der Kalibrierung des Tierkreises, die zu unterschiedlichen Perspektiven und Methoden f\u00fchrt.<\/b><\/a><\/p>\n<p><a href=\"http:\/\/www.jyotishi.de\/neu\/tropische-vs-siderische-astrologie-jyotish\/\" data-wplink-edit=\"true\"><strong>Weiterlesen<\/strong><\/a><\/p>\n<p>Nakshatrakreis mit freundlicher Genehmigung von Das Gorovani<\/p>\n<p>Au\u00dfer der weiteren Einteilung des Tierkreises in 27 <strong>Nakshatras<\/strong> (Sterne) von 360 Grad in 12 Konstellationen von je 30 Grad, gibt es eine weitere Anordnung des Himmels, in der jeder 13 Grad und 20 Minuten im Tierkreis einnimmt. Alle Planeten befinden sich im Bereich einer dieser Sterne, aber derjenige, in welchem der Mond steht, wird der &#8222;<strong>Geburtsstern<\/strong>&#8220; genannt.<\/p>\n<p>Jeder Nakshatra hat einzigartige Eigenschaften, die er diesem besonderen Teil des Himmels vermittelt, sowie den Planeten, die sich darin befinden. Die Nakshatras sind weiterhin in <strong>Padas<\/strong> (Viertel) von je 3 Grad und 20 Minuten unterteilt, was im Ganzen 108 Abteilungen des gesamten Tierkreises ausmacht. Jede dieser Einteilungen entspricht einer spezifischen Sanskrit-Silbe, welche traditionell bei der Namensgebung des Kindes gebraucht wurde, entsprechend dem Nakshatra und dem Pada, unter denen es geboren wurde.<\/p>\n<p>Neben einigen anderen wichtigen Unterschieden ist sicherlich von Bedeutung, dass im indischen System die \u00e4u\u00dferen Planeten nicht ber\u00fccksichtigt werden.<\/p>\n<p>Weiterhin werden in der Interpretation der Planeten in Zeichen und Haus, die sich teilweise vom westlichen Verst\u00e4ndnis unterscheidet, weitere Faktoren ber\u00fccksichtigt:<\/p>\n<p>\u00a5\u00a0\u00a0\u00a0\u00a0\u00a0\u00a0\u00a0\u00a0\u00a0\u00a0\u00a0 Die <strong>H\u00e4user werden unterteilt, gem\u00e4\u00df Ihrer Ausrichtung<\/strong> auf eine materielle oder spirituelle Ebene und gem\u00e4\u00df des Schwierigkeitsgrades, der mit Ihrer Umsetzung verbunden ist. Die H\u00e4user sind gleichgro\u00df (30 Grad).<\/p>\n<p>\u00a5\u00a0\u00a0\u00a0\u00a0\u00a0\u00a0\u00a0\u00a0\u00a0\u00a0\u00a0 Die Planeten werden in <strong><a href=\"tabelletemp.htm\">Benefics<\/a><\/strong> <a href=\"tabelletemp.htm\"><strong>(Wohl\u00e4ter)<\/strong><strong>, Malefics<\/strong><strong>, (\u00dcbelt\u00e4ter)<\/strong> u<\/a>nd neutrale Planeten eingeteilt, wiederum orientiert an der jeweiligen Aufgabe, die mit ihnen verbunden ist.<\/p>\n<p>\u00a5\u00a0\u00a0\u00a0\u00a0\u00a0\u00a0\u00a0\u00a0\u00a0\u00a0\u00a0 <strong>Yogas <\/strong>werden als sehr wichtig betrachtet. So wird ein Planet, der z. B. das 5. und das 10. Haus beherrscht, zum sog. Raja Yoga Karaka und erh\u00e4lt eine besondere Rolle. Yogas werden gebildet, indem zwei oder mehrere Planeten eine Verbindung eingehen, bestimmte H\u00e4user besetzt sind bzw. unbesetzt sind etc. Es gibt mehr als 2000 Yogas, nur einige hundert werden jedoch normalerweise verwendet.<\/p>\n<p>\u00a5\u00a0\u00a0\u00a0\u00a0\u00a0\u00a0\u00a0\u00a0\u00a0\u00a0\u00a0 Die <strong>Vargas<\/strong> (Harmonics), insbesondere das <strong>Navamsa<\/strong> (9. Harmonic) werden stark gewichtet und zur Interpretation best. Lebensgebiete herangezogen.<\/p>\n<p>\u00a5\u00a0\u00a0\u00a0\u00a0\u00a0\u00a0\u00a0\u00a0\u00a0\u00a0\u00a0 Die Mondknoten <strong>(Rahu und Ketu)<\/strong> werden stark gewichtet.<\/p>\n<p>\u00a5\u00a0\u00a0\u00a0\u00a0\u00a0\u00a0\u00a0\u00a0\u00a0\u00a0\u00a0 Transite werden auf zwei Arten bewertet : 1. Die Position im Haus und 2. Die Position im Abstand zum Mond.<\/p>\n<p>\u00a5\u00a0\u00a0\u00a0\u00a0\u00a0\u00a0\u00a0\u00a0\u00a0\u00a0\u00a0 Das <strong>Dasa System <\/strong>(zeitliche Ausl\u00f6sung eines Planeten) bietet eine zus\u00e4tzliche Ebene in der Prognose.<\/p>\n<h3><a name=\"_Toc11820328\"><\/a>1.2.4 DIE NEUN PLANETEN IM JYOTISH<\/h3>\n<p>Jyotish entsprechend gibt es neun Hauptplaneten (<strong>Grahas<\/strong>): Die <strong>Sonne (Surya)<\/strong>, der <strong>Mond (Chandra)<\/strong>, <strong>Mars (Mangal)<\/strong>, <strong>Merkur (Budha)<\/strong>, <strong>Jupiter (Guru)<\/strong>, <strong>Venus (Shukra)<\/strong>, <strong>Saturn (Shani)<\/strong>, <strong>Rahu<\/strong>und <strong>Ketu<\/strong>. <strong>Rahu <\/strong>und <strong>Ketu<\/strong> sind keine physischen Planeten, sondern die Knoten des Mondes oder Schattenplaneten (Chayagrahas) (d.h. die Stellen, an denen sich eine Sonnen- oder Mondfinsternis ereignen kann). Die \u00e4u\u00dferen Planeten Uranus, Neptun und Pluto werden nicht in den vedischen Texten erw\u00e4hnt. Zus\u00e4tzlich zu den neun Hauptplaneten gibt es viele zus\u00e4tzliche Planeten, &#8222;<strong>Upagrahas<\/strong>&#8220; (subtile Planeten) genannt. Das Sanskrit-Wort <strong>Graha<\/strong> hei\u00dft tats\u00e4chlich &#8222;das, was etwas ergreift&#8220;. Die Planeten \u00fcben deshalb ihren Einfluss auf uns aus, indem sie uns ergreifen und uns dazu zwingen, verschiedene Handlungen durchzuf\u00fchren. Sogar positive Handlungen wie karitative Geschenke, selbstloses Dienen usw. sind das Resultat von Zw\u00e4ngen, die in uns von den Planeten geschaffen werden, wenn auch als n\u00fctzliche Aspekte der Planeten, die uns veredeln.<\/p>\n<p><strong>Sonne:<\/strong> Die Sonne herrscht \u00fcber den <strong>Atman<\/strong> (die Seele oder das innere Selbst), den Vater, den rationalen Geist, die Intelligenz, das Status, das Bewusstsein, das Selbstvertrauen, den Stolz und die Integrit\u00e4t. Der Edelstein f\u00fcr die Sonne ist der Rubin.<\/p>\n<p><strong>Mond: <\/strong>Der Mond bezieht sich auf die Mutter, das gef\u00fchlsbetonte Gem\u00fct, die Empf\u00e4nglichkeit, die Geselligkeit, das Gl\u00fcck, das Zuhause, die Popularit\u00e4t, die Empfindlichkeit und den Geistesfrieden. Der Edelstein f\u00fcr den Mond ist die Perle.<\/p>\n<p><strong>Mars: <\/strong>Mars regiert die St\u00e4rke, die Energie, den Mut, den Wagemut, die Handlung, die Br\u00fcder, die Wissenschaft, die Logik, die Gewalt, die Eifersucht, den Skandal, die Krankheit und Unf\u00e4lle. Der Edelstein f\u00fcr den Mars ist die rote Koralle.<\/p>\n<p><strong>Merkur: <\/strong>Der Merkur herrscht \u00fcber die Sprache, die Kommunikation, den Handel, die Intelligenz, die Unterscheidungsf\u00e4higkeit, die Erziehung, die Astrologie, die Schriftstellerei, die Diplomatie und die Empfindlichkeit. Sein Edelstein ist der Smaragd.<\/p>\n<p><strong>Jupiter: <\/strong>Jupiter steht f\u00fcr das g\u00f6ttliche Wissen, den Guru, den spirituellen Weg, das Gesetz, die Gnade, die Freude, den Optimismus, die Kinder, den Glauben, das Gl\u00fcck, die Gro\u00dfz\u00fcgigkeit und die Wahrheit. Der Edelstein f\u00fcr den Jupiter ist der gelbe Topas.<\/p>\n<p><strong>Venus: <\/strong>Die Venus herrscht \u00fcber die Ehe, die Liebe, die Zuneigung, die Sch\u00f6nheit, die edlen K\u00fcnste, die Kultur, den Charme, das Charisma, die Geselligkeit, den Luxus, die Eitelkeit und die Grazie. Ihr Edelstein ist der Diamant.<\/p>\n<p><strong>Saturn: <\/strong>Der Saturn regiert die Langlebigkeit, das Alter, die Krankheit, das Leid, die Ungl\u00fccke, die Lethargie, die Depression, die Armut, die Losgel\u00f6stheit, die Leidenschaftslosigkeit, Asketentum und die Einsamkeit. Sein Edelstein ist der blaue Saphir.<\/p>\n<p><strong>Rahu: <\/strong>Rahu herrscht \u00fcber die kollektiven Trends, die Massenunruhen, die Angst, falsche Argumente, Hautkrankheiten, starke K\u00f6rperschmerzen, K\u00f6rperschwellungen und Halluzinationen. Sein Edelstein ist der <strong>Gomedha<\/strong>.<\/p>\n<p><strong>Ketu: <\/strong>Ketu herrscht \u00fcber die Rettung, die Selbstaufopferung, die Losgel\u00f6stheit, \u00fcber unerwartete Ereignisse, psychische Einblicke, \u00fcber Krankheit, Verneinung, den Zweifel, Fanatismus, Isolation und Trennung. Sein Edelstein ist das Tigerauge.<\/p>\n<p>Die Planeten handeln entsprechend ihrer Stellung im Horoskop. F\u00fcr jeden Planeten gibt es sowohl erhebende wie auch behindernde Resultate. Je mehr ein Planet gut in einem Horoskop platziert ist, desto mehr positive Eigenschaften werden nat\u00fcrlicherweise f\u00fcr jene Person dominieren. Viel von dem Verst\u00e4ndnis, wie ein bestimmter Planet unter bestimmten Umst\u00e4nden handeln wird, hat mit der Stellung des Planeten im Zeichen zu tun, ob er in einem freundlichen Zeichen steht, in seinem eigenen Zeichen, im Zeichen des Feindes, ob er exaltiert ist (das beste Zeichen), oder geschw\u00e4cht (das schlechteste Zeichen) oder verbrannt ist (zu nahe an der Sonne).<\/p>\n<p>Die St\u00e4rke eines Planeten wird beurteilt, indem man eine Vielfalt von Messtechniken benutzt. Planetarische Verbindungen und Aspekte sind auch lebenswichtig im Jyotish. Alle Planeten aspektieren das 7. (entgegengesetzte) Zeichen von demjenigen, in dem sie stehen (das wird in der westlichen Astrologie als Opposition bezeichnet). Zus\u00e4tzlich haben die \u00e4u\u00dferen Planeten spezielle volle Aspekte: Mars aspektiert das 4. und 8.Haus von seiner Stellung aus, Saturn das 3. und das 10. und Jupiter das 5. und das 9. Es gibt keine allgemeinen Quadraturen wie in der westlichen Astrologie.<\/p>\n<h3><a name=\"_Toc11820329\"><\/a>1.2.5. DIE H\u00c4USER IM JYOTISH<\/h3>\n<p>Die Haupteffekte, die von jedem der 12 H\u00e4user beurteilt werden, sind:<\/p>\n<p>Das erste Haus herrscht \u00fcber das Selbst, den K\u00f6rper, die physische Konstitution, die Individualit\u00e4t, die Begeisterung f\u00fcrs Leben, die Vitalit\u00e4t, den Ausblick auf das Leben, die Zeit und den Ort der Geburt, die Integrit\u00e4t, den Ruhm und die Selbstachtung.<\/p>\n<p>Das zweite Haus herrscht \u00fcber die Sprache, die Demut, den Reichtum (alle Quellen), die Familienmitglieder, die fr\u00fche Kindheit, das Gesicht, die Augen, die Nase, die Z\u00e4hne, die Nahrung, m\u00fcndlich lernen und die Qualit\u00e4t der Sprache.<\/p>\n<p>Das dritte Haus steht f\u00fcr Mut, die j\u00fcngeren Br\u00fcder und Schwestern, das Geh\u00f6r, die Kehle, den Hals, die Schultern, die Arme, die St\u00e4rke, kurze Reisen, Tugenden, die K\u00fcnste und das Stehverm\u00f6gen.<\/p>\n<p>Das vierte Haus herrscht \u00fcber das Zuhause, das Gl\u00fcck, die Mutter, die Verwandtschaft, den Wohnort, das Herz, das Eigentum, die heiligen Orte, Meditation, Bef\u00f6rderungen und die F\u00e4higkeit zum Ausruhen und zur Entspannung.<\/p>\n<p>Das f\u00fcnfte Haus herrscht \u00fcber die Kinder, die Kreativit\u00e4t, das Talent, den Magen, karmische Verdienste, Vergn\u00fcgen, Fr\u00f6mmigkeit, Freundschaft, Spekulation, Reichtum, Intelligenz und h\u00f6here Erziehung.<\/p>\n<p>Das sechste Haus regiert die Krankheit, die Schulden, die Feinde, das Verdauungssystem, die Wunden, Unf\u00e4lle, die Impulsivit\u00e4t, Dienstleistungen, die F\u00e4higkeit f\u00fcr gro\u00dfe Arbeiten, die Sorgen, die Laster und die Vorw\u00fcrfe.<\/p>\n<p>Das siebte Haus steht f\u00fcr Heirat, den Heiratspartner, die Leidenschaft, die F\u00e4higkeit, andere zu beeinflussen, fremde oder entfernte Orte, die Position und Partnerschaften.<\/p>\n<p>Das achte Haus regiert den Tod, die Zerst\u00f6rung, die Unehre, die Langlebigkeit, die Erbschaft, die Forschung oder Erfindung, Transformation, Geldverlust, S\u00fcnde und \u00e4u\u00dferste, mentale Qual.<\/p>\n<p>Das neunte Haus regiert das <strong>Dharma<\/strong>, den Guru, die Prinzipien oder Ideale im Leben, den Vater, die Gnade, Gl\u00fcck, Bu\u00dfe, Reinheit des Gem\u00fcts, Religion, lange Reisen, Rituale, Opfer und Philosophie.<\/p>\n<p>Das zehnte Haus regiert das <strong>Karma<\/strong>, die Karriere, den Erfolg, das K\u00f6nnen, das Ergebnis, die Ehre, die Gunst des Herrschers, den Titel, den Respekt, die Selbstkontrolle, die herrschende Macht und die Position.<\/p>\n<p>Das elfte Haus steht f\u00fcr Gewinn, \u00e4ltere Br\u00fcder und Schwestern, alle Arten von Eink\u00fcnften, die Zunahme des Gl\u00fccks, humanit\u00e4ren Dienst, die Bestrebung und das Erreichen des gew\u00fcnschten Ziels.<\/p>\n<p>Das zw\u00f6lfte Haus regiert den Verlust, die Kosten, fremde Orte, das Wandern, die Beschr\u00e4nkung, geheime Vergn\u00fcgen, Trennung, Losgel\u00f6stheit, Entsagung und Befreiung.<\/p>\n<p>F\u00fcr jedes Haus werden sowohl positive wie auch negative Hinweise gegeben, obschon im Ganzen gesehen, das sechste, das achte und das zw\u00f6lfte Haus als die schwierigsten angesehen werden. Gutartige Planeten f\u00f6rdern die positiven Eigenschaften der H\u00e4user, die sie innehaben oder aspektieren, w\u00e4hrend b\u00f6sartige Planeten mehr die zerst\u00f6rerischen Bedeutungen herausbringen. Die Kombinationen von gutartigen und b\u00f6sartigen Planeten geben gemischte Resultate. Hier ist es wichtig zu verstehen, welcher Planet, der ein Haus beeinflusst, am st\u00e4rksten ist, da sein Einfluss nat\u00fcrlicherweise dominieren wird.<\/p>\n<h3><a name=\"_Toc8632992\"><\/a><a name=\"_Toc11820330\"><\/a>1.2.6. DIE ZEICHEN<\/h3>\n<p>Ein Zeichen gibt uns immer Auskunft \u00fcber das WIE. Das Zeichen, in dem sich der Planet befindet sagt uns, WIE dieser Planet funktionieren wird.<\/p>\n<p>Zum Beispiel: Der Mond (symbolisiert die Wahrnehmung, den Geist) im Zeichen Stier gibt einen Hinweis darauf, dass der Mensch eine stabile Wahrnehmung und innere Haltung besitzt, denn Stabilit\u00e4t ist ein Charakteristikum des Zeichens Stier.<\/p>\n<table width=\"100%\">\n<tbody>\n<tr>\n<td width=\"42\">\u00a0<\/td>\n<td width=\"100%\">WIDDER (Mesha): Der erste Impuls, impulsiv, willensstark, Unternehmungsgeist, Tatmensch.<\/td>\n<\/tr>\n<tr>\n<td width=\"42\">\u00a0<\/td>\n<td width=\"100%\">STIER (Vrishabha): Stabil, vertrauensw\u00fcrdig, solide, best\u00e4ndig, genie\u00dft die sch\u00f6nen Dinge des Lebens.<\/td>\n<\/tr>\n<tr>\n<td width=\"42\">\u00a0<\/td>\n<td width=\"100%\">ZWILLINGE (Mithuna): Flexibel, kommunikativ, neugierig, manchmal ruhelos.<\/td>\n<\/tr>\n<tr>\n<td width=\"42\">\u00a0<\/td>\n<td width=\"100%\">KREBS (Karka): Sensibel, h\u00e4uslich, warmherzig, manchmal etwas scheu.<\/td>\n<\/tr>\n<tr>\n<td width=\"42\">\u00a0<\/td>\n<td width=\"100%\">L\u00d6WE (Simha): Stolz, m\u00f6chte in Mittelpunkt der Aufmerksamkeit stehen, gro\u00dfm\u00fctig, fordernd.<\/td>\n<\/tr>\n<tr>\n<td width=\"42\">\u00a0<\/td>\n<td width=\"100%\">JUNGFRAU (Kanya): Kritisch, genau, bescheiden, hilfsbereit, flei\u00dfig<\/td>\n<\/tr>\n<tr>\n<td width=\"42\">\u00a0<\/td>\n<td width=\"100%\">WAAGE (Tula): Liebt Harmonie und Gerechtigkeit, romantisch, gesellig, hohes \u00e4sthetisches Empfinden.<\/td>\n<\/tr>\n<tr>\n<td width=\"42\">\u00a0<\/td>\n<td width=\"100%\">SKORPION (Vrishchika): Intensive Leidenschaftlichkeit, geheimnisvoll, besch\u00e4ftigt sich mit Transformation und Macht.<\/td>\n<\/tr>\n<tr>\n<td width=\"42\">\u00a0<\/td>\n<td width=\"100%\">SCH\u00dcTZE (Dhanu): Optimistisch, m\u00f6chte st\u00e4ndig den eigenen Horizont erweitern, philosophisch, manchmal dogmatisch.<\/td>\n<\/tr>\n<tr>\n<td width=\"42\">\u00a0<\/td>\n<td width=\"100%\">STEINBOCK (Makara): Konservativ, kann hart arbeiten, ernsthaft, lernt aus Erfahrungen, kommt langsam und best\u00e4ndig weiter.<\/td>\n<\/tr>\n<tr>\n<td width=\"42\">\u00a0<\/td>\n<td width=\"100%\">WASSERMANN (Kumbha): Etwas exzentrisch, ideenreich, erfinderisch, sprunghaft, lebendig, spontan.<\/td>\n<\/tr>\n<tr>\n<td width=\"42\">\u00a0<\/td>\n<td width=\"100%\">FISCHE (Meena): Intuitiv, lebhafte Phantasie, idealistisch, sehr sensibel, manchmal mangelhafte praktische F\u00e4higkeiten, Tendenz zur Selbstaufopferung.<\/td>\n<\/tr>\n<\/tbody>\n<\/table>\n<p>KLASSIFIZIERUNG DER ZEICHEN<\/p>\n<table width=\"100%\">\n<tbody>\n<tr>\n<td width=\"42\">\u00a0<\/td>\n<td width=\"100%\">Widder, L\u00f6we und Sch\u00fctze sind FEUER-Zeichen. Sie gelten als die Zeichen f\u00fcr Individualit\u00e4t und Selbstausdruck. In Indien werden diese Zeichen mit Raja Yogas in Verbindung gebracht. Hierbei handelt es sich um ein &#8218;k\u00f6nigliches&#8216; Yoga mit dem Ziel, die kreativen F\u00e4higkeiten eines Menschen zum Einsatz zu bringen.<\/td>\n<\/tr>\n<\/tbody>\n<\/table>\n<table width=\"100%\">\n<tbody>\n<tr>\n<td width=\"42\">\u00a0<\/td>\n<td width=\"100%\">Stier, Jungfrau und Steinbock sind ERD-Zeichen. Hier handelt es sich um die praktischen Zeichen, verankert in der Materie. Den Erdzeichen wird das Karma Yoga zugeordnet. Ziel dieses Yogas ist es, den Menschen die Verkn\u00fcpfung zwischen den allt\u00e4gliche Pflichten und der spirituellen Entwicklung zu lehren.<\/td>\n<\/tr>\n<\/tbody>\n<\/table>\n<table width=\"100%\">\n<tbody>\n<tr>\n<td width=\"42\">\u00a0<\/td>\n<td width=\"100%\">Zwillinge, Waage und Wassermann sind die LUFT-Zeichen, die Zeichen, die mit menschlichem Kontakt und Kommunikation assoziiert sind. Mit ihnen ist das Jnana Yoga verkn\u00fcpft. Es befa\u00dft sich mit der kosmischen Komplexit\u00e4t (durch Denken und Studieren). Astrologie ist eine Ausdrucksform f\u00fcr das Jnana Yoga.<\/td>\n<\/tr>\n<\/tbody>\n<\/table>\n<table width=\"100%\">\n<tbody>\n<tr>\n<td width=\"42\">\u00a0<\/td>\n<td width=\"100%\">Krebs, Skorpion und Fische sind die WASSER-Zeichen. Ihr zentrales Thema ist die Empf\u00e4nglichkeit. Hier befindet sich das Reich des Bhakti Yogas. Es besteht aus Hingabe und Verschmelzung mit dem G\u00f6ttlichen (die Hare Krishna Bewegung ist ein Beispiel hierf\u00fcr).<\/td>\n<\/tr>\n<\/tbody>\n<\/table>\n<p>Es ist wahrscheinlich neu f\u00fcr einen westlichen Astrologen, dass die Elemente mit einem bestimmten Yoga (Kobinationen) in Zusammenhang gebracht werden. In diesem Zusammenhang k\u00f6nnten wir Yogas definieren als einen Prozess, durch den der Mensch versucht, mit dem G\u00f6ttlichen in Kontakt zu kommen. Es gibt vielf\u00e4ltige M\u00f6glichkeiten f\u00fcr dieses Prozess und Sie sollten diese Yogas keinesfalls mit den k\u00f6rperlichen Yoga\u00fcbungen verwechseln.<\/p>\n<p><a href=\"http:\/\/www.jyotishi.de\/einfuehrung-in-die-vedische-astrologie-teil-3\/\">Weiter<\/a><\/p>\n<\/td>\n<\/tr>\n<\/tbody>\n<\/table>\n\n\n<div class=\"wp-block-buttons is-layout-flex wp-block-buttons-is-layout-flex\">\n<div class=\"wp-block-button\"><a class=\"wp-block-button__link wp-element-button\" href=\"http:\/\/www.jyotishi.de\/neu\/tropische-vs-siderische-astrologie-jyotish\/\"><strong>Grundlagenvergleich<\/strong><\/a><\/div>\n<\/div>\n\n\n\n<p><\/p>\n","protected":false},"excerpt":{"rendered":"<p>1.2 DER TROPISCHE UND DER SIDERISCHE TIERKREIS1.2.1 DER TROPISCHE TIERKREIS 1.2.2 DER SIDERISCHE TIERKREIS 1.2.3 DER UNTERSCHIED ZWISCHEN DER WESTLICHEN UND DER TRADITIONELLEN INDISCHEN GESELLSCHAFT 1.2.4 DIE NEUN PLANETEN IM JYOTISH 1.2.5. DIE H\u00c4USER IM JYOTISH 1.2.6. DIE ZEICHEN 1.2 DER TROPISCHE UND DER SIDERISCHE TIERKREIS Der offensichtlichste Unterschied zwischen der westlichen und der \u00f6stlichen [&hellip;]<\/p>\n","protected":false},"author":1,"featured_media":0,"parent":0,"menu_order":0,"comment_status":"closed","ping_status":"closed","template":"","meta":{"footnotes":""},"class_list":["post-66","page","type-page","status-publish","hentry"],"_links":{"self":[{"href":"http:\/\/www.jyotishi.de\/neu\/wp-json\/wp\/v2\/pages\/66","targetHints":{"allow":["GET"]}}],"collection":[{"href":"http:\/\/www.jyotishi.de\/neu\/wp-json\/wp\/v2\/pages"}],"about":[{"href":"http:\/\/www.jyotishi.de\/neu\/wp-json\/wp\/v2\/types\/page"}],"author":[{"embeddable":true,"href":"http:\/\/www.jyotishi.de\/neu\/wp-json\/wp\/v2\/users\/1"}],"replies":[{"embeddable":true,"href":"http:\/\/www.jyotishi.de\/neu\/wp-json\/wp\/v2\/comments?post=66"}],"version-history":[{"count":3,"href":"http:\/\/www.jyotishi.de\/neu\/wp-json\/wp\/v2\/pages\/66\/revisions"}],"predecessor-version":[{"id":2948,"href":"http:\/\/www.jyotishi.de\/neu\/wp-json\/wp\/v2\/pages\/66\/revisions\/2948"}],"wp:attachment":[{"href":"http:\/\/www.jyotishi.de\/neu\/wp-json\/wp\/v2\/media?parent=66"}],"curies":[{"name":"wp","href":"https:\/\/api.w.org\/{rel}","templated":true}]}}