{"id":2,"date":"2016-06-13T20:02:14","date_gmt":"2016-06-13T18:02:14","guid":{"rendered":"http:\/\/www.jyotishi.de\/?page_id=2"},"modified":"2016-06-13T20:32:49","modified_gmt":"2016-06-13T18:32:49","slug":"einleitung","status":"publish","type":"page","link":"http:\/\/www.jyotishi.de\/neu\/","title":{"rendered":"Einleitung"},"content":{"rendered":"<p>Wer kennt es nicht und hat es nicht schon einmal selbst probiert. Steine auf dem Wasser springen zu lassen. Das Spiel einen Stein m\u00f6glichst h\u00e4ufig \u00fcber das Wasser springen zu lassen kennt wahrscheinlich jedes Kind und es wurde schon vor vielen hundert Jahren gespielt. Au\u00dfer Steinen wurden auch Austernschalen oder M\u00fcnzen geworfen &#8211; Homer l\u00e4sst seinen Helden Herkules sogar Schilde \u00fcber das Wasser schleudern. Im Prinzip braucht man nur einen flachen m\u00f6glichst runden und nicht zu leichten Gegenstand und eine halbwegs glatten Wasserfl\u00e4che, schon kann es losgehen.<\/p>\n<p>In der Astrologie kann man die Momente, wo ein menschliches Leben diese Existenz ber\u00fchrte, \u00e4hnlich beim Deuten von der Horoskopen und Transiten beobachten und beschreiben .Jeder Mensch hinterl\u00e4sst auf dieser Welt einen Eindruck. Jedes menschliche Leben hat entsprechend des Gesetzes von Aktio und Reaktio eine subtile Schleifspur, die man mit Hilfe der vedischen Astrologie aufsp\u00fcren kann. Das ist wie ein Stein zu verstehen, auf einer sehr subtileren Form als bei einem Stein, den wir \u00fcber das Wasser springen lassen.<\/p>\n<p>Jedes Mal, wenn ein Mensch in seiner feinen und zunehmend verdichteten Schwingung die \u201eEndlichkeit\u201c ber\u00fchrt, hinterl\u00e4sst er eine Information, einen Klang, einen karmischen Eindruck. In diesem Echo ist eine Botschaft enthalten, die man verstehen und interpretieren kann.<\/p>\n<p>Man kann astrologisch berechnen, wann eine \u201eWelle\u201c oder karmische Information, die Bereiche im Geburtshoroskop ber\u00fchrt, die im aktuellen Lebensabschnitt beachtet werden sollen und wo ein spezieller Lebensbereich ber\u00fchrt wird.. Ebenso kann man die \u201eSprungziele\u201c berechnen, ja sogar die Wellen, die Eindr\u00fccke, die von jeder Ber\u00fchrung der Oberfl\u00e4che des Lebens abgehen. Wie bei einem Stein, der das Wasser ber\u00fchrt.<\/p>\n<blockquote><p>Unterschiede zwischen siderischer (vedischer oder indischer) Astrologie und tropischer (westlicher) Astrologie<\/p><\/blockquote>\n<table>\n<tbody>\n<tr>\n<td width=\"307\"><strong>Westliche Astrologie <\/strong><\/td>\n<td width=\"307\"><strong>vedische\u00a0Astrologie <\/strong><\/td>\n<\/tr>\n<tr>\n<td width=\"307\"><strong>Psychologische Ausrichtung:<\/strong> Versucht die psychologischen Pr\u00e4gungen des Menschen zu erkennen und zu heilen, seine Beziehung zu anderen Menschen zu verbessern.<\/td>\n<td width=\"307\"><strong>Kosmische Ausrichtung:<\/strong> Versucht die Gesetzm\u00e4\u00dfigkeiten des Kosmos zu verstehen und den Menschen in Beziehung zum Kosmos zu setzen<\/td>\n<\/tr>\n<tr>\n<td width=\"307\">Seit einigen Jahrhundert verbannt aus dem t\u00e4glichen Leben, Au\u00dfenseiterdasein, bel\u00e4chelt bis verfolgt von Kirche und Gesellschaft<\/td>\n<td width=\"307\">Integriert in das t\u00e4gliche Leben und die Religionsaus\u00fcbung, unterst\u00fctzt von Gesellschaft und Kirche<\/td>\n<\/tr>\n<tr>\n<td width=\"307\">Der Mensch wird vor allem als Individuum betrachtet; das Bewu\u00dftsein soll entwickelt werden, die <strong>Sonne ist der wichtigste Planet<\/strong><\/td>\n<td width=\"307\">Die Empf\u00e4nglichkeit des Menschen wird als sehr wichtig erachtet, seine Wahrnehmungs- und Anpassungsf\u00e4higkeit sollen entwickelt werden; der <strong>Mond ist der wichtigste Planet<\/strong><\/td>\n<\/tr>\n<tr>\n<td width=\"307\">Der Mensch soll darin unterst\u00fctzt\u00a0 werden, seine eigene Individualit\u00e4t zu entfalten, seine St\u00e4rken zum Ausdruck zu bringen und seine Schw\u00e4chen zu \u00fcberwinden, das h\u00f6chste Ziel lautet <strong>Selbstverwirklichung <\/strong><\/td>\n<td width=\"307\">Der Mensch soll seinen Platz innerhalb der Gesellschaft finden und einnehmen, er soll dem\u00fctig anerkennen, welche Talente er besitzt und schon aus anderen Inkarnationen mitgebracht hat. Das h\u00f6chste Ziel lautet <strong>Moksha <\/strong>(die Befreiung von irdischen Fesseln, Erleuchtung)<\/td>\n<\/tr>\n<tr>\n<td width=\"307\">Aussagen hinsichtlich der konkreten Verwirklichung der Anlagen sind schwierig, die Aussagen bleiben <strong>vage<\/strong><\/td>\n<td width=\"307\">Aussagen hinsichtlich der konkreten Verwirklichung der Anlagen sind m\u00f6glich und <strong>konkret<\/strong><\/td>\n<\/tr>\n<tr>\n<td width=\"307\">Fixsterne werden kaum mehr ber\u00fccksichtigt<\/td>\n<td width=\"307\">Fixsterne flie\u00dfen durch die Nakshatras in die Bewertung mit ein<\/td>\n<\/tr>\n<tr>\n<td width=\"307\">Der <strong>tropische<\/strong>, am Sonnenstand orientierte Tierkreis wird verwendet<\/td>\n<td width=\"307\">Der <strong>siderische<\/strong>, am Fixstern Spica orientierte Tierkreis wird verwendet<\/td>\n<\/tr>\n<tr>\n<td width=\"307\"><strong>Prognostisch<\/strong> ist die westliche Astrologie eher <strong>schwach<\/strong>, arbeitet mit Transiten, Progressionen und Direktionen<\/td>\n<td width=\"307\"><strong>Prognostisch<\/strong> ist die vedischen Astrologie sehr <strong>stark<\/strong>, arbeitet mit Transiten und verschiedenen Dasa-Systemen<\/td>\n<\/tr>\n<tr>\n<td width=\"307\">Die \u00e4u\u00dferen Planeten werden miteinbezogen<\/td>\n<td width=\"307\">Die \u00e4u\u00dferen Planeten werden kaum ber\u00fccksichtigt (nur bei moderneren indischen Astrologen)<\/td>\n<\/tr>\n<\/tbody>\n<\/table>\n","protected":false},"excerpt":{"rendered":"<p>Wer kennt es nicht und hat es nicht schon einmal selbst probiert. Steine auf dem Wasser springen zu lassen. Das Spiel einen Stein m\u00f6glichst h\u00e4ufig \u00fcber das Wasser springen zu lassen kennt wahrscheinlich jedes Kind und es wurde schon vor vielen hundert Jahren gespielt. Au\u00dfer Steinen wurden auch Austernschalen oder M\u00fcnzen geworfen &#8211; Homer l\u00e4sst [&hellip;]<\/p>\n","protected":false},"author":1,"featured_media":13,"parent":0,"menu_order":0,"comment_status":"closed","ping_status":"open","template":"","meta":{"footnotes":""},"class_list":["post-2","page","type-page","status-publish","has-post-thumbnail","hentry"],"_links":{"self":[{"href":"http:\/\/www.jyotishi.de\/neu\/wp-json\/wp\/v2\/pages\/2","targetHints":{"allow":["GET"]}}],"collection":[{"href":"http:\/\/www.jyotishi.de\/neu\/wp-json\/wp\/v2\/pages"}],"about":[{"href":"http:\/\/www.jyotishi.de\/neu\/wp-json\/wp\/v2\/types\/page"}],"author":[{"embeddable":true,"href":"http:\/\/www.jyotishi.de\/neu\/wp-json\/wp\/v2\/users\/1"}],"replies":[{"embeddable":true,"href":"http:\/\/www.jyotishi.de\/neu\/wp-json\/wp\/v2\/comments?post=2"}],"version-history":[{"count":0,"href":"http:\/\/www.jyotishi.de\/neu\/wp-json\/wp\/v2\/pages\/2\/revisions"}],"wp:featuredmedia":[{"embeddable":true,"href":"http:\/\/www.jyotishi.de\/neu\/wp-json\/wp\/v2\/media\/13"}],"wp:attachment":[{"href":"http:\/\/www.jyotishi.de\/neu\/wp-json\/wp\/v2\/media?parent=2"}],"curies":[{"name":"wp","href":"https:\/\/api.w.org\/{rel}","templated":true}]}}